{"id":59,"date":"2018-02-15T15:11:24","date_gmt":"2018-02-15T15:11:24","guid":{"rendered":"http:\/\/netzwerk-migration-integration.de\/?page_id=59"},"modified":"2026-03-11T17:51:18","modified_gmt":"2026-03-11T16:51:18","slug":"termine","status":"publish","type":"page","link":"https:\/\/netzwerk-migration-integration.de\/index.php\/termine\/","title":{"rendered":"Termine"},"content":{"rendered":"\n<table border=\"1\">\n<tbody>\n<tr bgcolor=\"Palegreen\">\n<th>Was<\/th>\n<th>Wann<\/th>\n<th>Wo<\/th>\n<\/tr>\n\n<tr>\n<td>Ausstellung HEIMATEN<\/td>\n<td>15.03. &#8211; 21.03.2026<BR>\u00d6ffnungszeiten Stadtb\u00fccherei<\/td>\n<td>Stadtb\u00fccherei Ahrensburg<\/td>\n<\/tr>\n\n<tr>\n<td>Ausstellung HEIMATEN<\/td>\n<td>22.03. &#8211; 28.03.2026<BR>\u00d6ffnungszeiten Peter-Rantzau-Haus<\/td>\n<td>Peter-Rantzau-Haus\/td>\n<\/tr>\n\n<tr>\n<td>Ausstellung\n75 Jahre Erkl\u00e4rung der Menschenrechte<\/td>\n<td>05.02. &#8211; 26.03.2026<BR>\u00d6ffnungszeiten Rathaus<\/td>\n<td>Rathaus<br> Manfred-Samusch Stra\u00dfe 5<\/td> \n<\/tr>\n\n<!-- tr>\n<td>Anneliese-Oelte-Pokal<\/td>\n<td>07.02.2026 <br>12:00 - 20:00<\/td>\n<td>Heimgarten Sporthalle<br>Reesenb\u00fcttler Redder 4-10<\/td> \n<\/tr -->\n<\/tbody>\n<\/table>\n\n\n\n<p class=\"wp-block-paragraph\"><br><\/p>\n\n\n\n<p class=\"wp-block-paragraph\"><\/p>\n","protected":false},"excerpt":{"rendered":"<p>Was Wann Wo Ausstellung HEIMATEN 15.03. &#8211; 21.03.2026\u00d6ffnungszeiten Stadtb\u00fccherei Stadtb\u00fccherei Ahrensburg Ausstellung HEIMATEN 22.03. &#8211; 28.03.2026\u00d6ffnungszeiten Peter-Rantzau-Haus Peter-Rantzau-Haus\/td> Ausstellung 75 Jahre Erkl\u00e4rung der Menschenrechte 05.02. &#8211; 26.03.2026\u00d6ffnungszeiten Rathaus Rathaus Manfred-Samusch Stra\u00dfe 5<\/p>\n","protected":false},"author":2,"featured_media":0,"parent":0,"menu_order":0,"comment_status":"closed","ping_status":"closed","template":"","meta":{"_crdt_document":"","footnotes":""},"class_list":["post-59","page","type-page","status-publish","hentry"],"yoast_head":"<!-- This site is optimized with the Yoast SEO plugin v27.4 - https:\/\/yoast.com\/product\/yoast-seo-wordpress\/ -->\n<title>Termine - NetzWERK Migration &amp; Integration Ahrensburg<\/title>\n<meta name=\"robots\" content=\"index, follow, max-snippet:-1, max-image-preview:large, max-video-preview:-1\" \/>\n<link rel=\"canonical\" href=\"https:\/\/netzwerk-migration-integration.de\/index.php\/termine\/\" \/>\n<meta property=\"og:locale\" content=\"de_DE\" \/>\n<meta property=\"og:type\" content=\"article\" \/>\n<meta property=\"og:title\" content=\"Termine - NetzWERK Migration &amp; Integration Ahrensburg\" \/>\n<meta property=\"og:description\" content=\"Was Wann Wo Ausstellung HEIMATEN 15.03. &#8211; 21.03.2026\u00d6ffnungszeiten Stadtb\u00fccherei Stadtb\u00fccherei Ahrensburg Ausstellung HEIMATEN 22.03. &#8211; 28.03.2026\u00d6ffnungszeiten Peter-Rantzau-Haus Peter-Rantzau-Haus\/td&gt; Ausstellung 75 Jahre Erkl\u00e4rung der Menschenrechte 05.02. &#8211; 26.03.2026\u00d6ffnungszeiten Rathaus Rathaus Manfred-Samusch Stra\u00dfe 5\" \/>\n<meta property=\"og:url\" content=\"https:\/\/netzwerk-migration-integration.de\/index.php\/termine\/\" \/>\n<meta property=\"og:site_name\" content=\"NetzWERK Migration &amp; Integration Ahrensburg\" \/>\n<meta property=\"article:modified_time\" content=\"2026-03-11T16:51:18+00:00\" \/>\n<meta name=\"twitter:card\" content=\"summary_large_image\" \/>\n<meta name=\"twitter:label1\" content=\"Gesch\u00e4tzte Lesezeit\" \/>\n\t<meta name=\"twitter:data1\" content=\"1\u00a0Minute\" \/>\n<script type=\"application\/ld+json\" class=\"yoast-schema-graph\">{\"@context\":\"https:\\\/\\\/schema.org\",\"@graph\":[{\"@type\":\"WebPage\",\"@id\":\"https:\\\/\\\/netzwerk-migration-integration.de\\\/index.php\\\/termine\\\/\",\"url\":\"https:\\\/\\\/netzwerk-migration-integration.de\\\/index.php\\\/termine\\\/\",\"name\":\"Termine - NetzWERK Migration &amp; Integration Ahrensburg\",\"isPartOf\":{\"@id\":\"https:\\\/\\\/netzwerk-migration-integration.de\\\/#website\"},\"datePublished\":\"2018-02-15T15:11:24+00:00\",\"dateModified\":\"2026-03-11T16:51:18+00:00\",\"breadcrumb\":{\"@id\":\"https:\\\/\\\/netzwerk-migration-integration.de\\\/index.php\\\/termine\\\/#breadcrumb\"},\"inLanguage\":\"de\",\"potentialAction\":[{\"@type\":\"ReadAction\",\"target\":[\"https:\\\/\\\/netzwerk-migration-integration.de\\\/index.php\\\/termine\\\/\"]}]},{\"@type\":\"BreadcrumbList\",\"@id\":\"https:\\\/\\\/netzwerk-migration-integration.de\\\/index.php\\\/termine\\\/#breadcrumb\",\"itemListElement\":[{\"@type\":\"ListItem\",\"position\":1,\"name\":\"Home\",\"item\":\"https:\\\/\\\/netzwerk-migration-integration.de\\\/\"},{\"@type\":\"ListItem\",\"position\":2,\"name\":\"Termine\"}]},{\"@type\":\"WebSite\",\"@id\":\"https:\\\/\\\/netzwerk-migration-integration.de\\\/#website\",\"url\":\"https:\\\/\\\/netzwerk-migration-integration.de\\\/\",\"name\":\"NetzWERK Migration &amp; Integration Ahrensburg\",\"description\":\"\",\"publisher\":{\"@id\":\"https:\\\/\\\/netzwerk-migration-integration.de\\\/#organization\"},\"potentialAction\":[{\"@type\":\"SearchAction\",\"target\":{\"@type\":\"EntryPoint\",\"urlTemplate\":\"https:\\\/\\\/netzwerk-migration-integration.de\\\/?s={search_term_string}\"},\"query-input\":{\"@type\":\"PropertyValueSpecification\",\"valueRequired\":true,\"valueName\":\"search_term_string\"}}],\"inLanguage\":\"de\"},{\"@type\":\"Organization\",\"@id\":\"https:\\\/\\\/netzwerk-migration-integration.de\\\/#organization\",\"name\":\"NetzWERK Migration &amp; Integration Ahrensburg\",\"url\":\"https:\\\/\\\/netzwerk-migration-integration.de\\\/\",\"logo\":{\"@type\":\"ImageObject\",\"inLanguage\":\"de\",\"@id\":\"https:\\\/\\\/netzwerk-migration-integration.de\\\/#\\\/schema\\\/logo\\\/image\\\/\",\"url\":\"https:\\\/\\\/netzwerk-migration-integration.de\\\/wp-content\\\/uploads\\\/2018\\\/03\\\/cropped-NetzW-Logo_rgb-2-2.jpg\",\"contentUrl\":\"https:\\\/\\\/netzwerk-migration-integration.de\\\/wp-content\\\/uploads\\\/2018\\\/03\\\/cropped-NetzW-Logo_rgb-2-2.jpg\",\"width\":240,\"height\":74,\"caption\":\"NetzWERK Migration &amp; Integration Ahrensburg\"},\"image\":{\"@id\":\"https:\\\/\\\/netzwerk-migration-integration.de\\\/#\\\/schema\\\/logo\\\/image\\\/\"}}]}<\/script>\n<!-- \/ Yoast SEO plugin. -->","yoast_head_json":{"title":"Termine - NetzWERK Migration &amp; Integration Ahrensburg","robots":{"index":"index","follow":"follow","max-snippet":"max-snippet:-1","max-image-preview":"max-image-preview:large","max-video-preview":"max-video-preview:-1"},"canonical":"https:\/\/netzwerk-migration-integration.de\/index.php\/termine\/","og_locale":"de_DE","og_type":"article","og_title":"Termine - NetzWERK Migration &amp; Integration Ahrensburg","og_description":"Was Wann Wo Ausstellung HEIMATEN 15.03. &#8211; 21.03.2026\u00d6ffnungszeiten Stadtb\u00fccherei Stadtb\u00fccherei Ahrensburg Ausstellung HEIMATEN 22.03. &#8211; 28.03.2026\u00d6ffnungszeiten Peter-Rantzau-Haus Peter-Rantzau-Haus\/td> Ausstellung 75 Jahre Erkl\u00e4rung der Menschenrechte 05.02. &#8211; 26.03.2026\u00d6ffnungszeiten Rathaus Rathaus Manfred-Samusch Stra\u00dfe 5","og_url":"https:\/\/netzwerk-migration-integration.de\/index.php\/termine\/","og_site_name":"NetzWERK Migration &amp; Integration Ahrensburg","article_modified_time":"2026-03-11T16:51:18+00:00","twitter_card":"summary_large_image","twitter_misc":{"Gesch\u00e4tzte Lesezeit":"1\u00a0Minute"},"schema":{"@context":"https:\/\/schema.org","@graph":[{"@type":"WebPage","@id":"https:\/\/netzwerk-migration-integration.de\/index.php\/termine\/","url":"https:\/\/netzwerk-migration-integration.de\/index.php\/termine\/","name":"Termine - NetzWERK Migration &amp; Integration Ahrensburg","isPartOf":{"@id":"https:\/\/netzwerk-migration-integration.de\/#website"},"datePublished":"2018-02-15T15:11:24+00:00","dateModified":"2026-03-11T16:51:18+00:00","breadcrumb":{"@id":"https:\/\/netzwerk-migration-integration.de\/index.php\/termine\/#breadcrumb"},"inLanguage":"de","potentialAction":[{"@type":"ReadAction","target":["https:\/\/netzwerk-migration-integration.de\/index.php\/termine\/"]}]},{"@type":"BreadcrumbList","@id":"https:\/\/netzwerk-migration-integration.de\/index.php\/termine\/#breadcrumb","itemListElement":[{"@type":"ListItem","position":1,"name":"Home","item":"https:\/\/netzwerk-migration-integration.de\/"},{"@type":"ListItem","position":2,"name":"Termine"}]},{"@type":"WebSite","@id":"https:\/\/netzwerk-migration-integration.de\/#website","url":"https:\/\/netzwerk-migration-integration.de\/","name":"NetzWERK Migration &amp; Integration Ahrensburg","description":"","publisher":{"@id":"https:\/\/netzwerk-migration-integration.de\/#organization"},"potentialAction":[{"@type":"SearchAction","target":{"@type":"EntryPoint","urlTemplate":"https:\/\/netzwerk-migration-integration.de\/?s={search_term_string}"},"query-input":{"@type":"PropertyValueSpecification","valueRequired":true,"valueName":"search_term_string"}}],"inLanguage":"de"},{"@type":"Organization","@id":"https:\/\/netzwerk-migration-integration.de\/#organization","name":"NetzWERK Migration &amp; Integration Ahrensburg","url":"https:\/\/netzwerk-migration-integration.de\/","logo":{"@type":"ImageObject","inLanguage":"de","@id":"https:\/\/netzwerk-migration-integration.de\/#\/schema\/logo\/image\/","url":"https:\/\/netzwerk-migration-integration.de\/wp-content\/uploads\/2018\/03\/cropped-NetzW-Logo_rgb-2-2.jpg","contentUrl":"https:\/\/netzwerk-migration-integration.de\/wp-content\/uploads\/2018\/03\/cropped-NetzW-Logo_rgb-2-2.jpg","width":240,"height":74,"caption":"NetzWERK Migration &amp; Integration Ahrensburg"},"image":{"@id":"https:\/\/netzwerk-migration-integration.de\/#\/schema\/logo\/image\/"}}]}},"_links":{"self":[{"href":"https:\/\/netzwerk-migration-integration.de\/index.php\/wp-json\/wp\/v2\/pages\/59","targetHints":{"allow":["GET"]}}],"collection":[{"href":"https:\/\/netzwerk-migration-integration.de\/index.php\/wp-json\/wp\/v2\/pages"}],"about":[{"href":"https:\/\/netzwerk-migration-integration.de\/index.php\/wp-json\/wp\/v2\/types\/page"}],"author":[{"embeddable":true,"href":"https:\/\/netzwerk-migration-integration.de\/index.php\/wp-json\/wp\/v2\/users\/2"}],"replies":[{"embeddable":true,"href":"https:\/\/netzwerk-migration-integration.de\/index.php\/wp-json\/wp\/v2\/comments?post=59"}],"version-history":[{"count":101,"href":"https:\/\/netzwerk-migration-integration.de\/index.php\/wp-json\/wp\/v2\/pages\/59\/revisions"}],"predecessor-version":[{"id":2143,"href":"https:\/\/netzwerk-migration-integration.de\/index.php\/wp-json\/wp\/v2\/pages\/59\/revisions\/2143"}],"wp:attachment":[{"href":"https:\/\/netzwerk-migration-integration.de\/index.php\/wp-json\/wp\/v2\/media?parent=59"}],"curies":[{"name":"wp","href":"https:\/\/api.w.org\/{rel}","templated":true}]}}