{"id":332,"date":"2018-10-05T20:44:04","date_gmt":"2018-10-05T19:44:04","guid":{"rendered":"http:\/\/netzwerk-migration-integration.de\/?page_id=332"},"modified":"2018-10-06T22:27:47","modified_gmt":"2018-10-06T21:27:47","slug":"interkultureller-gespraechskreis-24-10-2018-70-jahre-menschenrechte","status":"publish","type":"page","link":"https:\/\/netzwerk-migration-integration.de\/index.php\/interkultureller-gespraechskreis-24-10-2018-70-jahre-menschenrechte\/","title":{"rendered":"Interkultureller Gespr\u00e4chskreis 24.10.2018 &#8211; 70 Jahre Menschenrechte"},"content":{"rendered":"<h3>70 Jahre Menschenrechte, f\u00fcr alle?!<\/h3>\n<p>Nach dem zweiten Weltkrieg entstanden die Vereinten Nationen als internationale Organisation mit der Zielsetzung, zuk\u00fcnftige Generationen vor den Verheerungen eines internationalen Konflikts zu bewahren. Es hat 3 Jahre gedauert bis sich die damals 58 Mitgliedstaaten auf die &#8222;<a href=\"https:\/\/www.menschenrechtserklaerung.de\/\" target=\"_blank\" rel=\"noopener\">Allgemeine Erkl\u00e4rung der Menschenrechte<\/a>&#8220; geeinigt haben. Bis heute haben 193 Staaten der UNO diese Erkl\u00e4rung unterschrieben. 70 Jahre Menschenrechte, ein Erfolg aber auch ein Anlass zur\u00fcckzublicken, gleichzeitig eine Gelegenheit nachzudenken.<br \/>\nWie sieht es mit der Umsetzung der &#8222;Allgemeinen Erkl\u00e4rung der Menschenrechte&#8220; aus? Auch heute noch, sind Folter und Todesstrafe in vielen L\u00e4ndern g\u00e4ngige Methoden. Ja, es sind weniger Staaten geworden, die die Todesstrafe umsetzen. Ein Erfolg, aber solange es noch ein Land gibt, welches die Menschenrechte missachtet, lohnt es sich weiter zu k\u00e4mpfen.<br \/>\nWollen wir uns f\u00fcr die Meinungsfreiheit und damit f\u00fcr die Pressefreiheit einsetzen? Immer mehr Journalisten, selbst in demokratisch gew\u00e4hlten Staaten, m\u00fcssen mit Repressalien, Gef\u00e4ngnis oder mehr rechnen.<br \/>\nWo stehen wir heute, was k\u00f6nnen wir tun?<\/p>\n<p>Die Amnesty Gruppe Stormarn, seit 40 Jahren aktiv, informiert und l\u00e4dt zum Gespr\u00e4ch ein. Ihre Sprecherin Rosi Gaebke wird in die aktuelle Situation einf\u00fchren.<\/p>\n<p>Termin und Ort: Mittwoch, <strong>24. Oktober 2018, 19.30 Uhr<\/strong>,<br \/>\n<strong>Volkshochschule Ahrensburg<\/strong>, Bahnhofstra\u00dfe 24<br \/>\nKeine Geb\u00fchr \u2013 Keine Anmeldung<\/p>\n<p>Ich freue mich auf einen interessanten Abend mit Ihnen.<br \/>\nMit freundlichen Gr\u00fc\u00dfen,<br \/>\nDorothea Schmidt<br \/>\nInterkultureller Gespr\u00e4chskreis Stormarn an der VHS Ahrensburg<\/p>\n","protected":false},"excerpt":{"rendered":"<p>70 Jahre Menschenrechte, f\u00fcr alle?! Nach dem zweiten Weltkrieg entstanden die Vereinten Nationen als internationale Organisation mit der Zielsetzung, zuk\u00fcnftige Generationen vor den Verheerungen eines internationalen Konflikts zu bewahren. Es hat 3 Jahre gedauert bis sich die damals 58 Mitgliedstaaten auf die &#8222;Allgemeine Erkl\u00e4rung der Menschenrechte&#8220; geeinigt haben. Bis heute haben 193 Staaten der UNO &hellip; <a href=\"https:\/\/netzwerk-migration-integration.de\/index.php\/interkultureller-gespraechskreis-24-10-2018-70-jahre-menschenrechte\/\" class=\"more-link\"><span class=\"screen-reader-text\">\u201eInterkultureller Gespr\u00e4chskreis 24.10.2018 &#8211; 70 Jahre Menschenrechte\u201c <\/span>weiterlesen<\/a><\/p>\n","protected":false},"author":2,"featured_media":0,"parent":0,"menu_order":0,"comment_status":"closed","ping_status":"closed","template":"","meta":{"_crdt_document":"","footnotes":""},"class_list":["post-332","page","type-page","status-publish","hentry"],"yoast_head":"<!-- This site is optimized with the Yoast SEO plugin v27.6 - https:\/\/yoast.com\/product\/yoast-seo-wordpress\/ -->\n<title>Interkultureller Gespr\u00e4chskreis 24.10.2018 - 70 Jahre Menschenrechte - NetzWERK Migration &amp; Integration Ahrensburg<\/title>\n<meta name=\"robots\" content=\"index, follow, max-snippet:-1, max-image-preview:large, max-video-preview:-1\" \/>\n<link rel=\"canonical\" href=\"https:\/\/netzwerk-migration-integration.de\/index.php\/interkultureller-gespraechskreis-24-10-2018-70-jahre-menschenrechte\/\" \/>\n<meta property=\"og:locale\" content=\"de_DE\" \/>\n<meta property=\"og:type\" content=\"article\" \/>\n<meta property=\"og:title\" content=\"Interkultureller Gespr\u00e4chskreis 24.10.2018 - 70 Jahre Menschenrechte - NetzWERK Migration &amp; Integration Ahrensburg\" \/>\n<meta property=\"og:description\" content=\"70 Jahre Menschenrechte, f\u00fcr alle?! Nach dem zweiten Weltkrieg entstanden die Vereinten Nationen als internationale Organisation mit der Zielsetzung, zuk\u00fcnftige Generationen vor den Verheerungen eines internationalen Konflikts zu bewahren. Es hat 3 Jahre gedauert bis sich die damals 58 Mitgliedstaaten auf die &#8222;Allgemeine Erkl\u00e4rung der Menschenrechte&#8220; geeinigt haben. Bis heute haben 193 Staaten der UNO &hellip; \u201eInterkultureller Gespr\u00e4chskreis 24.10.2018 &#8211; 70 Jahre Menschenrechte\u201c weiterlesen\" \/>\n<meta property=\"og:url\" content=\"https:\/\/netzwerk-migration-integration.de\/index.php\/interkultureller-gespraechskreis-24-10-2018-70-jahre-menschenrechte\/\" \/>\n<meta property=\"og:site_name\" content=\"NetzWERK Migration &amp; Integration Ahrensburg\" \/>\n<meta property=\"article:modified_time\" content=\"2018-10-06T21:27:47+00:00\" \/>\n<meta name=\"twitter:card\" content=\"summary_large_image\" \/>\n<meta name=\"twitter:label1\" content=\"Gesch\u00e4tzte Lesezeit\" \/>\n\t<meta name=\"twitter:data1\" content=\"1\u00a0Minute\" \/>\n<script type=\"application\/ld+json\" class=\"yoast-schema-graph\">{\"@context\":\"https:\\\/\\\/schema.org\",\"@graph\":[{\"@type\":\"WebPage\",\"@id\":\"https:\\\/\\\/netzwerk-migration-integration.de\\\/index.php\\\/interkultureller-gespraechskreis-24-10-2018-70-jahre-menschenrechte\\\/\",\"url\":\"https:\\\/\\\/netzwerk-migration-integration.de\\\/index.php\\\/interkultureller-gespraechskreis-24-10-2018-70-jahre-menschenrechte\\\/\",\"name\":\"Interkultureller Gespr\u00e4chskreis 24.10.2018 - 70 Jahre Menschenrechte - NetzWERK Migration &amp; Integration Ahrensburg\",\"isPartOf\":{\"@id\":\"https:\\\/\\\/netzwerk-migration-integration.de\\\/#website\"},\"datePublished\":\"2018-10-05T19:44:04+00:00\",\"dateModified\":\"2018-10-06T21:27:47+00:00\",\"breadcrumb\":{\"@id\":\"https:\\\/\\\/netzwerk-migration-integration.de\\\/index.php\\\/interkultureller-gespraechskreis-24-10-2018-70-jahre-menschenrechte\\\/#breadcrumb\"},\"inLanguage\":\"de\",\"potentialAction\":[{\"@type\":\"ReadAction\",\"target\":[\"https:\\\/\\\/netzwerk-migration-integration.de\\\/index.php\\\/interkultureller-gespraechskreis-24-10-2018-70-jahre-menschenrechte\\\/\"]}]},{\"@type\":\"BreadcrumbList\",\"@id\":\"https:\\\/\\\/netzwerk-migration-integration.de\\\/index.php\\\/interkultureller-gespraechskreis-24-10-2018-70-jahre-menschenrechte\\\/#breadcrumb\",\"itemListElement\":[{\"@type\":\"ListItem\",\"position\":1,\"name\":\"Home\",\"item\":\"https:\\\/\\\/netzwerk-migration-integration.de\\\/\"},{\"@type\":\"ListItem\",\"position\":2,\"name\":\"Interkultureller Gespr\u00e4chskreis 24.10.2018 &#8211; 70 Jahre Menschenrechte\"}]},{\"@type\":\"WebSite\",\"@id\":\"https:\\\/\\\/netzwerk-migration-integration.de\\\/#website\",\"url\":\"https:\\\/\\\/netzwerk-migration-integration.de\\\/\",\"name\":\"NetzWERK Migration &amp; Integration Ahrensburg\",\"description\":\"\",\"publisher\":{\"@id\":\"https:\\\/\\\/netzwerk-migration-integration.de\\\/#organization\"},\"potentialAction\":[{\"@type\":\"SearchAction\",\"target\":{\"@type\":\"EntryPoint\",\"urlTemplate\":\"https:\\\/\\\/netzwerk-migration-integration.de\\\/?s={search_term_string}\"},\"query-input\":{\"@type\":\"PropertyValueSpecification\",\"valueRequired\":true,\"valueName\":\"search_term_string\"}}],\"inLanguage\":\"de\"},{\"@type\":\"Organization\",\"@id\":\"https:\\\/\\\/netzwerk-migration-integration.de\\\/#organization\",\"name\":\"NetzWERK Migration &amp; Integration Ahrensburg\",\"url\":\"https:\\\/\\\/netzwerk-migration-integration.de\\\/\",\"logo\":{\"@type\":\"ImageObject\",\"inLanguage\":\"de\",\"@id\":\"https:\\\/\\\/netzwerk-migration-integration.de\\\/#\\\/schema\\\/logo\\\/image\\\/\",\"url\":\"https:\\\/\\\/netzwerk-migration-integration.de\\\/wp-content\\\/uploads\\\/2018\\\/03\\\/cropped-NetzW-Logo_rgb-2-2.jpg\",\"contentUrl\":\"https:\\\/\\\/netzwerk-migration-integration.de\\\/wp-content\\\/uploads\\\/2018\\\/03\\\/cropped-NetzW-Logo_rgb-2-2.jpg\",\"width\":240,\"height\":74,\"caption\":\"NetzWERK Migration &amp; Integration Ahrensburg\"},\"image\":{\"@id\":\"https:\\\/\\\/netzwerk-migration-integration.de\\\/#\\\/schema\\\/logo\\\/image\\\/\"}}]}<\/script>\n<!-- \/ Yoast SEO plugin. -->","yoast_head_json":{"title":"Interkultureller Gespr\u00e4chskreis 24.10.2018 - 70 Jahre Menschenrechte - NetzWERK Migration &amp; Integration Ahrensburg","robots":{"index":"index","follow":"follow","max-snippet":"max-snippet:-1","max-image-preview":"max-image-preview:large","max-video-preview":"max-video-preview:-1"},"canonical":"https:\/\/netzwerk-migration-integration.de\/index.php\/interkultureller-gespraechskreis-24-10-2018-70-jahre-menschenrechte\/","og_locale":"de_DE","og_type":"article","og_title":"Interkultureller Gespr\u00e4chskreis 24.10.2018 - 70 Jahre Menschenrechte - NetzWERK Migration &amp; Integration Ahrensburg","og_description":"70 Jahre Menschenrechte, f\u00fcr alle?! Nach dem zweiten Weltkrieg entstanden die Vereinten Nationen als internationale Organisation mit der Zielsetzung, zuk\u00fcnftige Generationen vor den Verheerungen eines internationalen Konflikts zu bewahren. Es hat 3 Jahre gedauert bis sich die damals 58 Mitgliedstaaten auf die &#8222;Allgemeine Erkl\u00e4rung der Menschenrechte&#8220; geeinigt haben. Bis heute haben 193 Staaten der UNO &hellip; \u201eInterkultureller Gespr\u00e4chskreis 24.10.2018 &#8211; 70 Jahre Menschenrechte\u201c weiterlesen","og_url":"https:\/\/netzwerk-migration-integration.de\/index.php\/interkultureller-gespraechskreis-24-10-2018-70-jahre-menschenrechte\/","og_site_name":"NetzWERK Migration &amp; Integration Ahrensburg","article_modified_time":"2018-10-06T21:27:47+00:00","twitter_card":"summary_large_image","twitter_misc":{"Gesch\u00e4tzte Lesezeit":"1\u00a0Minute"},"schema":{"@context":"https:\/\/schema.org","@graph":[{"@type":"WebPage","@id":"https:\/\/netzwerk-migration-integration.de\/index.php\/interkultureller-gespraechskreis-24-10-2018-70-jahre-menschenrechte\/","url":"https:\/\/netzwerk-migration-integration.de\/index.php\/interkultureller-gespraechskreis-24-10-2018-70-jahre-menschenrechte\/","name":"Interkultureller Gespr\u00e4chskreis 24.10.2018 - 70 Jahre Menschenrechte - NetzWERK Migration &amp; Integration Ahrensburg","isPartOf":{"@id":"https:\/\/netzwerk-migration-integration.de\/#website"},"datePublished":"2018-10-05T19:44:04+00:00","dateModified":"2018-10-06T21:27:47+00:00","breadcrumb":{"@id":"https:\/\/netzwerk-migration-integration.de\/index.php\/interkultureller-gespraechskreis-24-10-2018-70-jahre-menschenrechte\/#breadcrumb"},"inLanguage":"de","potentialAction":[{"@type":"ReadAction","target":["https:\/\/netzwerk-migration-integration.de\/index.php\/interkultureller-gespraechskreis-24-10-2018-70-jahre-menschenrechte\/"]}]},{"@type":"BreadcrumbList","@id":"https:\/\/netzwerk-migration-integration.de\/index.php\/interkultureller-gespraechskreis-24-10-2018-70-jahre-menschenrechte\/#breadcrumb","itemListElement":[{"@type":"ListItem","position":1,"name":"Home","item":"https:\/\/netzwerk-migration-integration.de\/"},{"@type":"ListItem","position":2,"name":"Interkultureller Gespr\u00e4chskreis 24.10.2018 &#8211; 70 Jahre Menschenrechte"}]},{"@type":"WebSite","@id":"https:\/\/netzwerk-migration-integration.de\/#website","url":"https:\/\/netzwerk-migration-integration.de\/","name":"NetzWERK Migration &amp; Integration Ahrensburg","description":"","publisher":{"@id":"https:\/\/netzwerk-migration-integration.de\/#organization"},"potentialAction":[{"@type":"SearchAction","target":{"@type":"EntryPoint","urlTemplate":"https:\/\/netzwerk-migration-integration.de\/?s={search_term_string}"},"query-input":{"@type":"PropertyValueSpecification","valueRequired":true,"valueName":"search_term_string"}}],"inLanguage":"de"},{"@type":"Organization","@id":"https:\/\/netzwerk-migration-integration.de\/#organization","name":"NetzWERK Migration &amp; Integration Ahrensburg","url":"https:\/\/netzwerk-migration-integration.de\/","logo":{"@type":"ImageObject","inLanguage":"de","@id":"https:\/\/netzwerk-migration-integration.de\/#\/schema\/logo\/image\/","url":"https:\/\/netzwerk-migration-integration.de\/wp-content\/uploads\/2018\/03\/cropped-NetzW-Logo_rgb-2-2.jpg","contentUrl":"https:\/\/netzwerk-migration-integration.de\/wp-content\/uploads\/2018\/03\/cropped-NetzW-Logo_rgb-2-2.jpg","width":240,"height":74,"caption":"NetzWERK Migration &amp; Integration Ahrensburg"},"image":{"@id":"https:\/\/netzwerk-migration-integration.de\/#\/schema\/logo\/image\/"}}]}},"_links":{"self":[{"href":"https:\/\/netzwerk-migration-integration.de\/index.php\/wp-json\/wp\/v2\/pages\/332","targetHints":{"allow":["GET"]}}],"collection":[{"href":"https:\/\/netzwerk-migration-integration.de\/index.php\/wp-json\/wp\/v2\/pages"}],"about":[{"href":"https:\/\/netzwerk-migration-integration.de\/index.php\/wp-json\/wp\/v2\/types\/page"}],"author":[{"embeddable":true,"href":"https:\/\/netzwerk-migration-integration.de\/index.php\/wp-json\/wp\/v2\/users\/2"}],"replies":[{"embeddable":true,"href":"https:\/\/netzwerk-migration-integration.de\/index.php\/wp-json\/wp\/v2\/comments?post=332"}],"version-history":[{"count":3,"href":"https:\/\/netzwerk-migration-integration.de\/index.php\/wp-json\/wp\/v2\/pages\/332\/revisions"}],"predecessor-version":[{"id":342,"href":"https:\/\/netzwerk-migration-integration.de\/index.php\/wp-json\/wp\/v2\/pages\/332\/revisions\/342"}],"wp:attachment":[{"href":"https:\/\/netzwerk-migration-integration.de\/index.php\/wp-json\/wp\/v2\/media?parent=332"}],"curies":[{"name":"wp","href":"https:\/\/api.w.org\/{rel}","templated":true}]}}