{"id":2104,"date":"2026-02-05T10:11:36","date_gmt":"2026-02-05T09:11:36","guid":{"rendered":"https:\/\/netzwerk-migration-integration.de\/?page_id=2104"},"modified":"2026-02-05T12:11:35","modified_gmt":"2026-02-05T11:11:35","slug":"anneliese-oelte-pokal-2026","status":"publish","type":"page","link":"https:\/\/netzwerk-migration-integration.de\/index.php\/anneliese-oelte-pokal-2026\/","title":{"rendered":"Anneliese-Oelte-Pokal 2026"},"content":{"rendered":"\n<div class=\"wp-block-media-text is-stacked-on-mobile\" style=\"grid-template-columns:45% auto\"><figure class=\"wp-block-media-text__media\"><img fetchpriority=\"high\" decoding=\"async\" width=\"331\" height=\"425\" src=\"https:\/\/netzwerk-migration-integration.de\/wp-content\/uploads\/2026\/02\/Anneliese-Oelte-Pokal_2026.png\" alt=\"Anneliese-Oelte-Pokal 2026 \" class=\"wp-image-2105 size-full\" srcset=\"https:\/\/netzwerk-migration-integration.de\/wp-content\/uploads\/2026\/02\/Anneliese-Oelte-Pokal_2026.png 331w, https:\/\/netzwerk-migration-integration.de\/wp-content\/uploads\/2026\/02\/Anneliese-Oelte-Pokal_2026-234x300.png 234w\" sizes=\"(max-width: 331px) 85vw, 331px\" \/><\/figure><div class=\"wp-block-media-text__content\">\n<p class=\"wp-block-paragraph\">Am <strong>07.02.2026<\/strong> ist es wieder so weit: Der Roter Stern Kickers 05 Ahrensburg veranstaltet den <strong>Anneliese-Oelte-Pokal<\/strong> f\u00fcr  Inklusionsvereine, FLINTA-Teams und M\u00e4nner. <\/p>\n\n\n\n<p class=\"wp-block-paragraph\">Das Hallenturnier wird ab 12:00 Uhr in der Sporthalle des Heimgarten Schulzentrums in Ahrensburg, Reesenb\u00fcttler Redder 4 &#8211; 10, ausgetragen.<br><\/p>\n<\/div><\/div>\n\n\n\n<p class=\"wp-block-paragraph\">Mit Infost\u00e4nden, Rahmenprogramm, Kinderspielecke und B\u00fcfett.<\/p>\n","protected":false},"excerpt":{"rendered":"<p>Am 07.02.2026 ist es wieder so weit: Der Roter Stern Kickers 05 Ahrensburg veranstaltet den Anneliese-Oelte-Pokal f\u00fcr Inklusionsvereine, FLINTA-Teams und M\u00e4nner. Das Hallenturnier wird ab 12:00 Uhr in der Sporthalle des Heimgarten Schulzentrums in Ahrensburg, Reesenb\u00fcttler Redder 4 &#8211; 10, ausgetragen. Mit Infost\u00e4nden, Rahmenprogramm, Kinderspielecke und B\u00fcfett.<\/p>\n","protected":false},"author":2,"featured_media":0,"parent":0,"menu_order":0,"comment_status":"closed","ping_status":"closed","template":"","meta":{"_crdt_document":"","footnotes":""},"class_list":["post-2104","page","type-page","status-publish","hentry"],"yoast_head":"<!-- This site is optimized with the Yoast SEO plugin v27.5 - https:\/\/yoast.com\/product\/yoast-seo-wordpress\/ -->\n<title>Anneliese-Oelte-Pokal 2026 - NetzWERK Migration &amp; Integration Ahrensburg<\/title>\n<meta name=\"robots\" content=\"index, follow, max-snippet:-1, max-image-preview:large, max-video-preview:-1\" \/>\n<link rel=\"canonical\" href=\"https:\/\/netzwerk-migration-integration.de\/index.php\/anneliese-oelte-pokal-2026\/\" \/>\n<meta property=\"og:locale\" content=\"de_DE\" \/>\n<meta property=\"og:type\" content=\"article\" \/>\n<meta property=\"og:title\" content=\"Anneliese-Oelte-Pokal 2026 - NetzWERK Migration &amp; Integration Ahrensburg\" \/>\n<meta property=\"og:description\" content=\"Am 07.02.2026 ist es wieder so weit: Der Roter Stern Kickers 05 Ahrensburg veranstaltet den Anneliese-Oelte-Pokal f\u00fcr Inklusionsvereine, FLINTA-Teams und M\u00e4nner. Das Hallenturnier wird ab 12:00 Uhr in der Sporthalle des Heimgarten Schulzentrums in Ahrensburg, Reesenb\u00fcttler Redder 4 &#8211; 10, ausgetragen. Mit Infost\u00e4nden, Rahmenprogramm, Kinderspielecke und B\u00fcfett.\" \/>\n<meta property=\"og:url\" content=\"https:\/\/netzwerk-migration-integration.de\/index.php\/anneliese-oelte-pokal-2026\/\" \/>\n<meta property=\"og:site_name\" content=\"NetzWERK Migration &amp; Integration Ahrensburg\" \/>\n<meta property=\"article:modified_time\" content=\"2026-02-05T11:11:35+00:00\" \/>\n<meta property=\"og:image\" content=\"https:\/\/netzwerk-migration-integration.de\/wp-content\/uploads\/2026\/02\/Anneliese-Oelte-Pokal_2026.png\" \/>\n\t<meta property=\"og:image:width\" content=\"331\" \/>\n\t<meta property=\"og:image:height\" content=\"425\" \/>\n\t<meta property=\"og:image:type\" content=\"image\/png\" \/>\n<meta name=\"twitter:card\" content=\"summary_large_image\" \/>\n<meta name=\"twitter:label1\" content=\"Gesch\u00e4tzte Lesezeit\" \/>\n\t<meta name=\"twitter:data1\" content=\"1\u00a0Minute\" \/>\n<script type=\"application\/ld+json\" class=\"yoast-schema-graph\">{\"@context\":\"https:\\\/\\\/schema.org\",\"@graph\":[{\"@type\":\"WebPage\",\"@id\":\"https:\\\/\\\/netzwerk-migration-integration.de\\\/index.php\\\/anneliese-oelte-pokal-2026\\\/\",\"url\":\"https:\\\/\\\/netzwerk-migration-integration.de\\\/index.php\\\/anneliese-oelte-pokal-2026\\\/\",\"name\":\"Anneliese-Oelte-Pokal 2026 - NetzWERK Migration &amp; Integration Ahrensburg\",\"isPartOf\":{\"@id\":\"https:\\\/\\\/netzwerk-migration-integration.de\\\/#website\"},\"primaryImageOfPage\":{\"@id\":\"https:\\\/\\\/netzwerk-migration-integration.de\\\/index.php\\\/anneliese-oelte-pokal-2026\\\/#primaryimage\"},\"image\":{\"@id\":\"https:\\\/\\\/netzwerk-migration-integration.de\\\/index.php\\\/anneliese-oelte-pokal-2026\\\/#primaryimage\"},\"thumbnailUrl\":\"https:\\\/\\\/netzwerk-migration-integration.de\\\/wp-content\\\/uploads\\\/2026\\\/02\\\/Anneliese-Oelte-Pokal_2026.png\",\"datePublished\":\"2026-02-05T09:11:36+00:00\",\"dateModified\":\"2026-02-05T11:11:35+00:00\",\"breadcrumb\":{\"@id\":\"https:\\\/\\\/netzwerk-migration-integration.de\\\/index.php\\\/anneliese-oelte-pokal-2026\\\/#breadcrumb\"},\"inLanguage\":\"de\",\"potentialAction\":[{\"@type\":\"ReadAction\",\"target\":[\"https:\\\/\\\/netzwerk-migration-integration.de\\\/index.php\\\/anneliese-oelte-pokal-2026\\\/\"]}]},{\"@type\":\"ImageObject\",\"inLanguage\":\"de\",\"@id\":\"https:\\\/\\\/netzwerk-migration-integration.de\\\/index.php\\\/anneliese-oelte-pokal-2026\\\/#primaryimage\",\"url\":\"https:\\\/\\\/netzwerk-migration-integration.de\\\/wp-content\\\/uploads\\\/2026\\\/02\\\/Anneliese-Oelte-Pokal_2026.png\",\"contentUrl\":\"https:\\\/\\\/netzwerk-migration-integration.de\\\/wp-content\\\/uploads\\\/2026\\\/02\\\/Anneliese-Oelte-Pokal_2026.png\",\"width\":331,\"height\":425,\"caption\":\"Anneliese-Oelte-Pokal 2026\"},{\"@type\":\"BreadcrumbList\",\"@id\":\"https:\\\/\\\/netzwerk-migration-integration.de\\\/index.php\\\/anneliese-oelte-pokal-2026\\\/#breadcrumb\",\"itemListElement\":[{\"@type\":\"ListItem\",\"position\":1,\"name\":\"Home\",\"item\":\"https:\\\/\\\/netzwerk-migration-integration.de\\\/\"},{\"@type\":\"ListItem\",\"position\":2,\"name\":\"Anneliese-Oelte-Pokal 2026\"}]},{\"@type\":\"WebSite\",\"@id\":\"https:\\\/\\\/netzwerk-migration-integration.de\\\/#website\",\"url\":\"https:\\\/\\\/netzwerk-migration-integration.de\\\/\",\"name\":\"NetzWERK Migration &amp; Integration Ahrensburg\",\"description\":\"\",\"publisher\":{\"@id\":\"https:\\\/\\\/netzwerk-migration-integration.de\\\/#organization\"},\"potentialAction\":[{\"@type\":\"SearchAction\",\"target\":{\"@type\":\"EntryPoint\",\"urlTemplate\":\"https:\\\/\\\/netzwerk-migration-integration.de\\\/?s={search_term_string}\"},\"query-input\":{\"@type\":\"PropertyValueSpecification\",\"valueRequired\":true,\"valueName\":\"search_term_string\"}}],\"inLanguage\":\"de\"},{\"@type\":\"Organization\",\"@id\":\"https:\\\/\\\/netzwerk-migration-integration.de\\\/#organization\",\"name\":\"NetzWERK Migration &amp; Integration Ahrensburg\",\"url\":\"https:\\\/\\\/netzwerk-migration-integration.de\\\/\",\"logo\":{\"@type\":\"ImageObject\",\"inLanguage\":\"de\",\"@id\":\"https:\\\/\\\/netzwerk-migration-integration.de\\\/#\\\/schema\\\/logo\\\/image\\\/\",\"url\":\"https:\\\/\\\/netzwerk-migration-integration.de\\\/wp-content\\\/uploads\\\/2018\\\/03\\\/cropped-NetzW-Logo_rgb-2-2.jpg\",\"contentUrl\":\"https:\\\/\\\/netzwerk-migration-integration.de\\\/wp-content\\\/uploads\\\/2018\\\/03\\\/cropped-NetzW-Logo_rgb-2-2.jpg\",\"width\":240,\"height\":74,\"caption\":\"NetzWERK Migration &amp; Integration Ahrensburg\"},\"image\":{\"@id\":\"https:\\\/\\\/netzwerk-migration-integration.de\\\/#\\\/schema\\\/logo\\\/image\\\/\"}}]}<\/script>\n<!-- \/ Yoast SEO plugin. -->","yoast_head_json":{"title":"Anneliese-Oelte-Pokal 2026 - NetzWERK Migration &amp; Integration Ahrensburg","robots":{"index":"index","follow":"follow","max-snippet":"max-snippet:-1","max-image-preview":"max-image-preview:large","max-video-preview":"max-video-preview:-1"},"canonical":"https:\/\/netzwerk-migration-integration.de\/index.php\/anneliese-oelte-pokal-2026\/","og_locale":"de_DE","og_type":"article","og_title":"Anneliese-Oelte-Pokal 2026 - NetzWERK Migration &amp; Integration Ahrensburg","og_description":"Am 07.02.2026 ist es wieder so weit: Der Roter Stern Kickers 05 Ahrensburg veranstaltet den Anneliese-Oelte-Pokal f\u00fcr Inklusionsvereine, FLINTA-Teams und M\u00e4nner. Das Hallenturnier wird ab 12:00 Uhr in der Sporthalle des Heimgarten Schulzentrums in Ahrensburg, Reesenb\u00fcttler Redder 4 &#8211; 10, ausgetragen. Mit Infost\u00e4nden, Rahmenprogramm, Kinderspielecke und B\u00fcfett.","og_url":"https:\/\/netzwerk-migration-integration.de\/index.php\/anneliese-oelte-pokal-2026\/","og_site_name":"NetzWERK Migration &amp; Integration Ahrensburg","article_modified_time":"2026-02-05T11:11:35+00:00","og_image":[{"width":331,"height":425,"url":"https:\/\/netzwerk-migration-integration.de\/wp-content\/uploads\/2026\/02\/Anneliese-Oelte-Pokal_2026.png","type":"image\/png"}],"twitter_card":"summary_large_image","twitter_misc":{"Gesch\u00e4tzte Lesezeit":"1\u00a0Minute"},"schema":{"@context":"https:\/\/schema.org","@graph":[{"@type":"WebPage","@id":"https:\/\/netzwerk-migration-integration.de\/index.php\/anneliese-oelte-pokal-2026\/","url":"https:\/\/netzwerk-migration-integration.de\/index.php\/anneliese-oelte-pokal-2026\/","name":"Anneliese-Oelte-Pokal 2026 - NetzWERK Migration &amp; Integration Ahrensburg","isPartOf":{"@id":"https:\/\/netzwerk-migration-integration.de\/#website"},"primaryImageOfPage":{"@id":"https:\/\/netzwerk-migration-integration.de\/index.php\/anneliese-oelte-pokal-2026\/#primaryimage"},"image":{"@id":"https:\/\/netzwerk-migration-integration.de\/index.php\/anneliese-oelte-pokal-2026\/#primaryimage"},"thumbnailUrl":"https:\/\/netzwerk-migration-integration.de\/wp-content\/uploads\/2026\/02\/Anneliese-Oelte-Pokal_2026.png","datePublished":"2026-02-05T09:11:36+00:00","dateModified":"2026-02-05T11:11:35+00:00","breadcrumb":{"@id":"https:\/\/netzwerk-migration-integration.de\/index.php\/anneliese-oelte-pokal-2026\/#breadcrumb"},"inLanguage":"de","potentialAction":[{"@type":"ReadAction","target":["https:\/\/netzwerk-migration-integration.de\/index.php\/anneliese-oelte-pokal-2026\/"]}]},{"@type":"ImageObject","inLanguage":"de","@id":"https:\/\/netzwerk-migration-integration.de\/index.php\/anneliese-oelte-pokal-2026\/#primaryimage","url":"https:\/\/netzwerk-migration-integration.de\/wp-content\/uploads\/2026\/02\/Anneliese-Oelte-Pokal_2026.png","contentUrl":"https:\/\/netzwerk-migration-integration.de\/wp-content\/uploads\/2026\/02\/Anneliese-Oelte-Pokal_2026.png","width":331,"height":425,"caption":"Anneliese-Oelte-Pokal 2026"},{"@type":"BreadcrumbList","@id":"https:\/\/netzwerk-migration-integration.de\/index.php\/anneliese-oelte-pokal-2026\/#breadcrumb","itemListElement":[{"@type":"ListItem","position":1,"name":"Home","item":"https:\/\/netzwerk-migration-integration.de\/"},{"@type":"ListItem","position":2,"name":"Anneliese-Oelte-Pokal 2026"}]},{"@type":"WebSite","@id":"https:\/\/netzwerk-migration-integration.de\/#website","url":"https:\/\/netzwerk-migration-integration.de\/","name":"NetzWERK Migration &amp; Integration Ahrensburg","description":"","publisher":{"@id":"https:\/\/netzwerk-migration-integration.de\/#organization"},"potentialAction":[{"@type":"SearchAction","target":{"@type":"EntryPoint","urlTemplate":"https:\/\/netzwerk-migration-integration.de\/?s={search_term_string}"},"query-input":{"@type":"PropertyValueSpecification","valueRequired":true,"valueName":"search_term_string"}}],"inLanguage":"de"},{"@type":"Organization","@id":"https:\/\/netzwerk-migration-integration.de\/#organization","name":"NetzWERK Migration &amp; Integration Ahrensburg","url":"https:\/\/netzwerk-migration-integration.de\/","logo":{"@type":"ImageObject","inLanguage":"de","@id":"https:\/\/netzwerk-migration-integration.de\/#\/schema\/logo\/image\/","url":"https:\/\/netzwerk-migration-integration.de\/wp-content\/uploads\/2018\/03\/cropped-NetzW-Logo_rgb-2-2.jpg","contentUrl":"https:\/\/netzwerk-migration-integration.de\/wp-content\/uploads\/2018\/03\/cropped-NetzW-Logo_rgb-2-2.jpg","width":240,"height":74,"caption":"NetzWERK Migration &amp; Integration Ahrensburg"},"image":{"@id":"https:\/\/netzwerk-migration-integration.de\/#\/schema\/logo\/image\/"}}]}},"_links":{"self":[{"href":"https:\/\/netzwerk-migration-integration.de\/index.php\/wp-json\/wp\/v2\/pages\/2104","targetHints":{"allow":["GET"]}}],"collection":[{"href":"https:\/\/netzwerk-migration-integration.de\/index.php\/wp-json\/wp\/v2\/pages"}],"about":[{"href":"https:\/\/netzwerk-migration-integration.de\/index.php\/wp-json\/wp\/v2\/types\/page"}],"author":[{"embeddable":true,"href":"https:\/\/netzwerk-migration-integration.de\/index.php\/wp-json\/wp\/v2\/users\/2"}],"replies":[{"embeddable":true,"href":"https:\/\/netzwerk-migration-integration.de\/index.php\/wp-json\/wp\/v2\/comments?post=2104"}],"version-history":[{"count":3,"href":"https:\/\/netzwerk-migration-integration.de\/index.php\/wp-json\/wp\/v2\/pages\/2104\/revisions"}],"predecessor-version":[{"id":2121,"href":"https:\/\/netzwerk-migration-integration.de\/index.php\/wp-json\/wp\/v2\/pages\/2104\/revisions\/2121"}],"wp:attachment":[{"href":"https:\/\/netzwerk-migration-integration.de\/index.php\/wp-json\/wp\/v2\/media?parent=2104"}],"curies":[{"name":"wp","href":"https:\/\/api.w.org\/{rel}","templated":true}]}}