{"id":1979,"date":"2025-08-25T22:28:57","date_gmt":"2025-08-25T21:28:57","guid":{"rendered":"https:\/\/netzwerk-migration-integration.de\/?page_id=1979"},"modified":"2025-09-22T21:48:33","modified_gmt":"2025-09-22T20:48:33","slug":"interkulturelle-woche-2025","status":"publish","type":"page","link":"https:\/\/netzwerk-migration-integration.de\/index.php\/interkulturelle-woche-2025\/","title":{"rendered":"Interkulturelle Woche 2025"},"content":{"rendered":"\n<figure class=\"wp-block-image size-large\"><img fetchpriority=\"high\" decoding=\"async\" width=\"1024\" height=\"1024\" src=\"https:\/\/netzwerk-migration-integration.de\/wp-content\/uploads\/2025\/08\/INTERKULTURELLE-WOCHE_2025-1024x1024.jpg\" alt=\"Plakat Interkulturelle Woche 2025\" class=\"wp-image-1984\" srcset=\"https:\/\/netzwerk-migration-integration.de\/wp-content\/uploads\/2025\/08\/INTERKULTURELLE-WOCHE_2025-1024x1024.jpg 1024w, https:\/\/netzwerk-migration-integration.de\/wp-content\/uploads\/2025\/08\/INTERKULTURELLE-WOCHE_2025-300x300.jpg 300w, https:\/\/netzwerk-migration-integration.de\/wp-content\/uploads\/2025\/08\/INTERKULTURELLE-WOCHE_2025-150x150.jpg 150w, https:\/\/netzwerk-migration-integration.de\/wp-content\/uploads\/2025\/08\/INTERKULTURELLE-WOCHE_2025-768x768.jpg 768w, https:\/\/netzwerk-migration-integration.de\/wp-content\/uploads\/2025\/08\/INTERKULTURELLE-WOCHE_2025.jpg 1080w\" sizes=\"(max-width: 709px) 85vw, (max-width: 909px) 67vw, (max-width: 1362px) 62vw, 840px\" \/><\/figure>\n\n\n\n<p class=\"wp-block-paragraph\"><strong>Unter der Schirmherrschaft von B\u00fcrgermeister Eckart Boege<\/strong><\/p>\n\n\n\n<p class=\"wp-block-paragraph\">Zum 50. Jubil\u00e4um der <strong>Interkulturellen Woche <\/strong>l\u00e4dt Ahrensburg erneut zu einer bunten, offenen und vielf\u00e4ltigen Veranstaltungsreihe ein. Eine Woche lang stehen Begegnung, Austausch und gemeinsames Erleben im Mittelpunkt \u2013 in Workshops, Festen, Filmabenden, Diskussionen und vielem mehr.<\/p>\n\n\n\n<p class=\"wp-block-paragraph\">Den kr\u00f6nenden Abschluss bildet das <strong>\u201eFest ohne Grenzen\u201c<\/strong> am Sonntag, den 28.09.2025, im Peter-Rantzau-Haus \u2013 ein Fest f\u00fcr alle mit Musik, internationalen Spezialit\u00e4ten und Mitmachaktionen.<\/p>\n\n\n\n<p class=\"wp-block-paragraph\">Das<a href=\"https:\/\/netzwerk-migration-integration.de\/wp-content\/uploads\/2025\/09\/Interkulturelle_Woche_2025_Programm.jpg\" target=\"_blank\" rel=\"noreferrer noopener\"> Programm zum Herunterladen<\/a>.<\/p>\n\n\n\n<p class=\"wp-block-paragraph\"><strong>Alle Veranstaltungen sind kostenfrei \u2013 wir freuen uns auf Sie und Euch!<\/strong><\/p>\n\n\n\n<hr class=\"wp-block-separator has-alpha-channel-opacity is-style-wide\"\/>\n\n\n\n<h2 class=\"wp-block-heading has-text-align-center\"><strong>Wochenplan \u2013 Interkulturelle Woche Ahrensburg 2025<\/strong><\/h2>\n\n\n\n<h1 class=\"wp-block-heading has-text-align-center\"><strong>Vielfalt. Miteinander. Daf\u00fcr.<\/strong><\/h1>\n\n\n\n<h3 class=\"wp-block-heading\">\ud83d\udd7a <strong>Samstag, 13.09.20<\/strong>25<\/h3>\n\n\n\n<p class=\"wp-block-paragraph\"><strong>19:00 Uhr \u00b7 Latin Night<\/strong><br>\ud83d\udccd<a href=\"https:\/\/www.peter-rantzau-haus.de\/\" target=\"_blank\" rel=\"noreferrer noopener\">Peter-Rantzau-Haus<\/a>, Manfred-Samusch-Stra\u00dfe 9, Ahrensburg<br>Hei\u00dfe Rhythmen, Cocktails und Tanz \u2013 ein Abend wie ein Kurzurlaub!<\/p>\n\n\n\n<hr class=\"wp-block-separator has-alpha-channel-opacity is-style-wide\"\/>\n\n\n\n<h3 class=\"wp-block-heading\">\ud83c\udf7d <strong>Sonntag, 21.09.2025<\/strong><\/h3>\n\n\n\n<p class=\"wp-block-paragraph\"><strong>17:30 Uhr \u00b7 \u00c0 table \u2013 Picknick der Kulturen<\/strong><br>\ud83d\udccd Peter-Rantzau-Haus, Manfred-Samusch-Stra\u00dfe 9, Ahrensburg<br>Gemeinsam essen, plaudern und genie\u00dfen \u2013<strong> jede*r bringt etwas mit<\/strong>.<\/p>\n\n\n\n<hr class=\"wp-block-separator has-alpha-channel-opacity is-style-wide\"\/>\n\n\n\n<h3 class=\"wp-block-heading\">\u2615\ufe0f <strong>Montag, 22.09.2025<\/strong><\/h3>\n\n\n\n<p class=\"wp-block-paragraph\"><strong>10:00\u201312:00 Uhr \u00b7 Internationales Frauenfr\u00fchst\u00fcck<\/strong><br>\ud83d\udccd Peter-Rantzau-Haus, Manfred-Samusch-Stra\u00dfe 9, Ahrensburg<br>Einladung f\u00fcr Frauen aus Ahrensburg und Umgebung zum Austausch in gem\u00fctlicher Atmosph\u00e4re.<br>\ud83d\udc65 In Kooperation mit AWO FamilienHaus, Gleichstellungsbeauftragte &amp; Peter-Rantzau-Haus.<\/p>\n\n\n\n<hr class=\"wp-block-separator has-alpha-channel-opacity is-style-wide\"\/>\n\n\n\n<h3 class=\"wp-block-heading\">\ud83c\udfb2 <strong>Dienstag, 23.09.2025<\/strong><\/h3>\n\n\n\n<p class=\"wp-block-paragraph\"><strong>14:00\u201319:00 Uhr \u00b7 Spiel &amp; Spa\u00df f\u00fcr Gro\u00df und Klein<\/strong><br>\ud83d\udccd <a href=\"https:\/\/freundeskreis-fluechtlinge.com\">Freundeskreis f\u00fcr Fl\u00fcchtlinge Ahrensburg e.V.<\/a><br>Hamburger Stra\u00dfe 131, Ahrensburg<br>Ein Nachmittag voller Freude f\u00fcr Kinder &amp; Erwachsene \u2013 ohne Anmeldung.<\/p>\n\n\n\n<hr class=\"wp-block-separator has-alpha-channel-opacity is-style-wide\"\/>\n\n\n\n<h3 class=\"wp-block-heading\">\ud83c\udfa4 <strong>Mittwoch, 24.09.2025<\/strong><\/h3>\n\n\n\n<p class=\"wp-block-paragraph\"><strong>19:30 Uhr \u00b7 Open Stage \u2013 Deine B\u00fchne, Deine Performance<\/strong><br>\ud83d\udccd <a href=\"https:\/\/www.marstall-ahrensburg.de\/\" target=\"_blank\" rel=\"noreferrer noopener\">Kulturzentrum Marstall<\/a>, L\u00fcbecker Stra\u00dfe 8, Ahrensburg<br>Musik, Tanz, Comedy, Theater \u2013 alles ist m\u00f6glich. \u00dcberraschungen garantiert!<\/p>\n\n\n\n<hr class=\"wp-block-separator has-alpha-channel-opacity is-style-wide\"\/>\n\n\n\n<h3 class=\"wp-block-heading\">\ud83e\udde9 <strong>Donnerstag, 25.09.2025<\/strong><\/h3>\n\n\n\n<p class=\"wp-block-paragraph\"><strong>15:00\u201317:00 Uhr \u00b7 Internationales Spielefest f\u00fcr Kinder (6\u201312 Jahre)<\/strong><br>\ud83d\udccd <a href=\"https:\/\/dksb-stormarn.de\/kinderhaus-blauer-elefant-ahrensburg\" target=\"_blank\" rel=\"noreferrer noopener\">Kinderhaus Blauer Elefant<\/a>, H\u00f6rnumweg 2, Ahrensburg<br>Gemeinsam spielen \u2013 mit traditionellen Spielen aus aller Welt.<\/p>\n\n\n\n<p class=\"wp-block-paragraph\"><strong>19:00 Uhr \u00b7 Filmabend: <\/strong><em><strong><a href=\"https:\/\/www.youtube.com\/watch?v=dGCj1jINIEw\" target=\"_blank\" rel=\"noreferrer noopener\">Die M\u00f6llner Briefe<\/a><\/strong><\/em><br>\ud83d\udccd Peter-Rantzau-Haus<br>Dokumentarfilm \u00fcber die rassistischen Anschl\u00e4ge von M\u00f6lln 1992.<br>\ud83c\udfac Eine Initiative der <strong><a href=\"https:\/\/omasgegenrechts-ahrensburg.de\/\" target=\"_blank\" rel=\"noreferrer noopener\">Omas gegen Rechts Ahrensburg<\/a><\/strong>.<\/p>\n\n\n\n<hr class=\"wp-block-separator has-alpha-channel-opacity is-style-wide\"\/>\n\n\n\n<h3 class=\"wp-block-heading\">\ud83d\udde3 <strong>Freitag, 26.09.2025 \u2013 Tag des Fl\u00fcchtlings<\/strong>  <\/h3>\n\n\n\n<p class=\"wp-block-paragraph\"><strong>Achtung TERMIN\u00c4NDERUNG!<\/strong><br><br><strong>Stammtischparolen Paroli bieten.<\/strong><\/p>\n\n\n\n<p class=\"wp-block-paragraph\">Diese Veranstaltung musste auf <strong>Freitag, den 10.10.2025  10:00 &#8211; 14:00 Uhr <\/strong>verlegt werden. <br>Dann im \ud83d\udccd<a href=\"https:\/\/www.peter-rantzau-haus.de\/\" target=\"_blank\" rel=\"noreferrer noopener\">Peter-Rantzau-Haus<\/a>, Manfred-Samusch-Stra\u00dfe 9, Ahrensburg<br><a href=\"https:\/\/www.aufstehen-gegen-rassismus.de\/material\/stammtischkaempferinnen-pocket-broschuere\/\" target=\"_blank\" rel=\"noreferrer noopener\">Handlungs- &amp; Argumentationstraining<\/a> gegen rechte und diskriminierende Parolen.<br>Bei Interesse meldet euch gerne unter: <a href=\"&#x6d;&#x61;&#x69;&#x6c;&#x74;&#x6f;&#x3a;&#x66;&#x61;&#x6d;&#x69;&#x6c;&#x69;&#x65;&#x6e;&#x68;&#x61;&#x75;&#x73;&#x40;&#x61;&#x77;&#111;&#45;&#115;&#116;&#111;&#114;&#109;&#97;&#114;&#110;&#46;&#100;&#101;\" target=\"_blank\" rel=\"noreferrer noopener nofollow\">&#x66;&#x61;&#x6d;&#x69;&#x6c;&#x69;&#101;&#110;&#104;&#97;us&#64;a&#x77;&#x6f;&#x2d;&#x73;&#x74;&#x6f;&#114;&#109;&#97;&#114;&#110;&#46;de<\/a><br>\ud83d\udc65 In Kooperation mit AWO Landesverband.<\/p>\n\n\n\n<hr class=\"wp-block-separator has-alpha-channel-opacity is-style-wide\"\/>\n\n\n\n<h3 class=\"wp-block-heading\">\ud83c\udf89 <strong>Sonntag, 28.09.2025<\/strong><\/h3>\n\n\n\n<p class=\"wp-block-paragraph\"><strong>14:00\u201317:00 Uhr \u00b7 Fest ohne Grenzen<\/strong><br>\ud83d\udccd Peter-Rantzau-Haus (drinnen &amp; drau\u00dfen), <br>Manfred-Samusch-Stra\u00dfe 9, Ahrensburg<br>Ein buntes Fest f\u00fcr alle \u2013 mit Musik, Tanz, internationalen K\u00f6stlichkeiten, Mitmachaktionen und Kinderprogramm.<br>\ud83d\udc65 Veranstaltet von Mitgliedern des Netzwerks Migration &amp; Integration Ahrensburg.<\/p>\n\n\n\n<hr class=\"wp-block-separator has-alpha-channel-opacity is-style-wide\"\/>\n\n\n\n<h2 class=\"wp-block-heading\"><strong>Weitere Veranstaltunge<\/strong>n<\/h2>\n\n\n\n<h3 class=\"wp-block-heading\">\ud83d\udd4c <strong>Donnerstag, 03.10.2025<\/strong><\/h3>\n\n\n\n<p class=\"wp-block-paragraph\"><strong>Tag der offenen Moschee<\/strong><br>\ud83d\udccd Ulu Camii \u2013 T\u00fcrkisch-Islamische Gemeinde zu Ahrensburg e. V., Woldenhorn 5<\/p>\n\n\n\n<hr class=\"wp-block-separator has-alpha-channel-opacity is-style-wide\"\/>\n\n\n\n<h3 class=\"wp-block-heading\">\ud83d\udd6f <strong>Montag, 10.11.2025<\/strong><\/h3>\n\n\n\n<p class=\"wp-block-paragraph\"><strong>Gang des Erinnerns &amp; der Ermutigung<\/strong><br>\ud83d\udccd Verschiedene Stationen in Ahrensburg<br>Mit Beteiligung der weiterf\u00fchrenden Schulen.<br>\ud83d\udd17 Infos: <a href=\"http:\/\/www.runder-tisch-ahrensburg.de\/\">www.runder-tisch-ahrensburg.de<\/a><br><strong>(Achtung: Dieses Jahr nicht am 09.11.!!)<\/strong><br><\/p>\n\n\n\n<p class=\"wp-block-paragraph\"><\/p>\n","protected":false},"excerpt":{"rendered":"<p>Unter der Schirmherrschaft von B\u00fcrgermeister Eckart Boege Zum 50. Jubil\u00e4um der Interkulturellen Woche l\u00e4dt Ahrensburg erneut zu einer bunten, offenen und vielf\u00e4ltigen Veranstaltungsreihe ein. Eine Woche lang stehen Begegnung, Austausch und gemeinsames Erleben im Mittelpunkt \u2013 in Workshops, Festen, Filmabenden, Diskussionen und vielem mehr. Den kr\u00f6nenden Abschluss bildet das \u201eFest ohne Grenzen\u201c am Sonntag, den &hellip; <a href=\"https:\/\/netzwerk-migration-integration.de\/index.php\/interkulturelle-woche-2025\/\" class=\"more-link\"><span class=\"screen-reader-text\">\u201eInterkulturelle Woche 2025\u201c <\/span>weiterlesen<\/a><\/p>\n","protected":false},"author":2,"featured_media":0,"parent":0,"menu_order":0,"comment_status":"closed","ping_status":"closed","template":"","meta":{"_crdt_document":"","footnotes":""},"class_list":["post-1979","page","type-page","status-publish","hentry"],"yoast_head":"<!-- This site is optimized with the Yoast SEO plugin v27.4 - https:\/\/yoast.com\/product\/yoast-seo-wordpress\/ -->\n<title>Interkulturelle Woche 2025 - NetzWERK Migration &amp; Integration Ahrensburg<\/title>\n<meta name=\"robots\" content=\"index, follow, max-snippet:-1, max-image-preview:large, max-video-preview:-1\" \/>\n<link rel=\"canonical\" href=\"https:\/\/netzwerk-migration-integration.de\/index.php\/interkulturelle-woche-2025\/\" \/>\n<meta property=\"og:locale\" content=\"de_DE\" \/>\n<meta property=\"og:type\" content=\"article\" \/>\n<meta property=\"og:title\" content=\"Interkulturelle Woche 2025 - NetzWERK Migration &amp; Integration Ahrensburg\" \/>\n<meta property=\"og:description\" content=\"Unter der Schirmherrschaft von B\u00fcrgermeister Eckart Boege Zum 50. Jubil\u00e4um der Interkulturellen Woche l\u00e4dt Ahrensburg erneut zu einer bunten, offenen und vielf\u00e4ltigen Veranstaltungsreihe ein. Eine Woche lang stehen Begegnung, Austausch und gemeinsames Erleben im Mittelpunkt \u2013 in Workshops, Festen, Filmabenden, Diskussionen und vielem mehr. Den kr\u00f6nenden Abschluss bildet das \u201eFest ohne Grenzen\u201c am Sonntag, den &hellip; \u201eInterkulturelle Woche 2025\u201c weiterlesen\" \/>\n<meta property=\"og:url\" content=\"https:\/\/netzwerk-migration-integration.de\/index.php\/interkulturelle-woche-2025\/\" \/>\n<meta property=\"og:site_name\" content=\"NetzWERK Migration &amp; Integration Ahrensburg\" \/>\n<meta property=\"article:modified_time\" content=\"2025-09-22T20:48:33+00:00\" \/>\n<meta property=\"og:image\" content=\"https:\/\/netzwerk-migration-integration.de\/wp-content\/uploads\/2025\/08\/INTERKULTURELLE-WOCHE_2025.jpg\" \/>\n\t<meta property=\"og:image:width\" content=\"1080\" \/>\n\t<meta property=\"og:image:height\" content=\"1080\" \/>\n\t<meta property=\"og:image:type\" content=\"image\/jpeg\" \/>\n<meta name=\"twitter:card\" content=\"summary_large_image\" \/>\n<meta name=\"twitter:label1\" content=\"Gesch\u00e4tzte Lesezeit\" \/>\n\t<meta name=\"twitter:data1\" content=\"3\u00a0Minuten\" \/>\n<script type=\"application\/ld+json\" class=\"yoast-schema-graph\">{\"@context\":\"https:\\\/\\\/schema.org\",\"@graph\":[{\"@type\":\"WebPage\",\"@id\":\"https:\\\/\\\/netzwerk-migration-integration.de\\\/index.php\\\/interkulturelle-woche-2025\\\/\",\"url\":\"https:\\\/\\\/netzwerk-migration-integration.de\\\/index.php\\\/interkulturelle-woche-2025\\\/\",\"name\":\"Interkulturelle Woche 2025 - NetzWERK Migration &amp; Integration Ahrensburg\",\"isPartOf\":{\"@id\":\"https:\\\/\\\/netzwerk-migration-integration.de\\\/#website\"},\"primaryImageOfPage\":{\"@id\":\"https:\\\/\\\/netzwerk-migration-integration.de\\\/index.php\\\/interkulturelle-woche-2025\\\/#primaryimage\"},\"image\":{\"@id\":\"https:\\\/\\\/netzwerk-migration-integration.de\\\/index.php\\\/interkulturelle-woche-2025\\\/#primaryimage\"},\"thumbnailUrl\":\"https:\\\/\\\/netzwerk-migration-integration.de\\\/wp-content\\\/uploads\\\/2025\\\/08\\\/INTERKULTURELLE-WOCHE_2025-1024x1024.jpg\",\"datePublished\":\"2025-08-25T21:28:57+00:00\",\"dateModified\":\"2025-09-22T20:48:33+00:00\",\"breadcrumb\":{\"@id\":\"https:\\\/\\\/netzwerk-migration-integration.de\\\/index.php\\\/interkulturelle-woche-2025\\\/#breadcrumb\"},\"inLanguage\":\"de\",\"potentialAction\":[{\"@type\":\"ReadAction\",\"target\":[\"https:\\\/\\\/netzwerk-migration-integration.de\\\/index.php\\\/interkulturelle-woche-2025\\\/\"]}]},{\"@type\":\"ImageObject\",\"inLanguage\":\"de\",\"@id\":\"https:\\\/\\\/netzwerk-migration-integration.de\\\/index.php\\\/interkulturelle-woche-2025\\\/#primaryimage\",\"url\":\"https:\\\/\\\/netzwerk-migration-integration.de\\\/wp-content\\\/uploads\\\/2025\\\/08\\\/INTERKULTURELLE-WOCHE_2025.jpg\",\"contentUrl\":\"https:\\\/\\\/netzwerk-migration-integration.de\\\/wp-content\\\/uploads\\\/2025\\\/08\\\/INTERKULTURELLE-WOCHE_2025.jpg\",\"width\":1080,\"height\":1080,\"caption\":\"Plakat Interkulturelle Woche 2025\"},{\"@type\":\"BreadcrumbList\",\"@id\":\"https:\\\/\\\/netzwerk-migration-integration.de\\\/index.php\\\/interkulturelle-woche-2025\\\/#breadcrumb\",\"itemListElement\":[{\"@type\":\"ListItem\",\"position\":1,\"name\":\"Home\",\"item\":\"https:\\\/\\\/netzwerk-migration-integration.de\\\/\"},{\"@type\":\"ListItem\",\"position\":2,\"name\":\"Interkulturelle Woche 2025\"}]},{\"@type\":\"WebSite\",\"@id\":\"https:\\\/\\\/netzwerk-migration-integration.de\\\/#website\",\"url\":\"https:\\\/\\\/netzwerk-migration-integration.de\\\/\",\"name\":\"NetzWERK Migration &amp; Integration Ahrensburg\",\"description\":\"\",\"publisher\":{\"@id\":\"https:\\\/\\\/netzwerk-migration-integration.de\\\/#organization\"},\"potentialAction\":[{\"@type\":\"SearchAction\",\"target\":{\"@type\":\"EntryPoint\",\"urlTemplate\":\"https:\\\/\\\/netzwerk-migration-integration.de\\\/?s={search_term_string}\"},\"query-input\":{\"@type\":\"PropertyValueSpecification\",\"valueRequired\":true,\"valueName\":\"search_term_string\"}}],\"inLanguage\":\"de\"},{\"@type\":\"Organization\",\"@id\":\"https:\\\/\\\/netzwerk-migration-integration.de\\\/#organization\",\"name\":\"NetzWERK Migration &amp; Integration Ahrensburg\",\"url\":\"https:\\\/\\\/netzwerk-migration-integration.de\\\/\",\"logo\":{\"@type\":\"ImageObject\",\"inLanguage\":\"de\",\"@id\":\"https:\\\/\\\/netzwerk-migration-integration.de\\\/#\\\/schema\\\/logo\\\/image\\\/\",\"url\":\"https:\\\/\\\/netzwerk-migration-integration.de\\\/wp-content\\\/uploads\\\/2018\\\/03\\\/cropped-NetzW-Logo_rgb-2-2.jpg\",\"contentUrl\":\"https:\\\/\\\/netzwerk-migration-integration.de\\\/wp-content\\\/uploads\\\/2018\\\/03\\\/cropped-NetzW-Logo_rgb-2-2.jpg\",\"width\":240,\"height\":74,\"caption\":\"NetzWERK Migration &amp; Integration Ahrensburg\"},\"image\":{\"@id\":\"https:\\\/\\\/netzwerk-migration-integration.de\\\/#\\\/schema\\\/logo\\\/image\\\/\"}}]}<\/script>\n<!-- \/ Yoast SEO plugin. -->","yoast_head_json":{"title":"Interkulturelle Woche 2025 - NetzWERK Migration &amp; Integration Ahrensburg","robots":{"index":"index","follow":"follow","max-snippet":"max-snippet:-1","max-image-preview":"max-image-preview:large","max-video-preview":"max-video-preview:-1"},"canonical":"https:\/\/netzwerk-migration-integration.de\/index.php\/interkulturelle-woche-2025\/","og_locale":"de_DE","og_type":"article","og_title":"Interkulturelle Woche 2025 - NetzWERK Migration &amp; Integration Ahrensburg","og_description":"Unter der Schirmherrschaft von B\u00fcrgermeister Eckart Boege Zum 50. Jubil\u00e4um der Interkulturellen Woche l\u00e4dt Ahrensburg erneut zu einer bunten, offenen und vielf\u00e4ltigen Veranstaltungsreihe ein. Eine Woche lang stehen Begegnung, Austausch und gemeinsames Erleben im Mittelpunkt \u2013 in Workshops, Festen, Filmabenden, Diskussionen und vielem mehr. Den kr\u00f6nenden Abschluss bildet das \u201eFest ohne Grenzen\u201c am Sonntag, den &hellip; \u201eInterkulturelle Woche 2025\u201c weiterlesen","og_url":"https:\/\/netzwerk-migration-integration.de\/index.php\/interkulturelle-woche-2025\/","og_site_name":"NetzWERK Migration &amp; Integration Ahrensburg","article_modified_time":"2025-09-22T20:48:33+00:00","og_image":[{"width":1080,"height":1080,"url":"https:\/\/netzwerk-migration-integration.de\/wp-content\/uploads\/2025\/08\/INTERKULTURELLE-WOCHE_2025.jpg","type":"image\/jpeg"}],"twitter_card":"summary_large_image","twitter_misc":{"Gesch\u00e4tzte Lesezeit":"3\u00a0Minuten"},"schema":{"@context":"https:\/\/schema.org","@graph":[{"@type":"WebPage","@id":"https:\/\/netzwerk-migration-integration.de\/index.php\/interkulturelle-woche-2025\/","url":"https:\/\/netzwerk-migration-integration.de\/index.php\/interkulturelle-woche-2025\/","name":"Interkulturelle Woche 2025 - NetzWERK Migration &amp; Integration Ahrensburg","isPartOf":{"@id":"https:\/\/netzwerk-migration-integration.de\/#website"},"primaryImageOfPage":{"@id":"https:\/\/netzwerk-migration-integration.de\/index.php\/interkulturelle-woche-2025\/#primaryimage"},"image":{"@id":"https:\/\/netzwerk-migration-integration.de\/index.php\/interkulturelle-woche-2025\/#primaryimage"},"thumbnailUrl":"https:\/\/netzwerk-migration-integration.de\/wp-content\/uploads\/2025\/08\/INTERKULTURELLE-WOCHE_2025-1024x1024.jpg","datePublished":"2025-08-25T21:28:57+00:00","dateModified":"2025-09-22T20:48:33+00:00","breadcrumb":{"@id":"https:\/\/netzwerk-migration-integration.de\/index.php\/interkulturelle-woche-2025\/#breadcrumb"},"inLanguage":"de","potentialAction":[{"@type":"ReadAction","target":["https:\/\/netzwerk-migration-integration.de\/index.php\/interkulturelle-woche-2025\/"]}]},{"@type":"ImageObject","inLanguage":"de","@id":"https:\/\/netzwerk-migration-integration.de\/index.php\/interkulturelle-woche-2025\/#primaryimage","url":"https:\/\/netzwerk-migration-integration.de\/wp-content\/uploads\/2025\/08\/INTERKULTURELLE-WOCHE_2025.jpg","contentUrl":"https:\/\/netzwerk-migration-integration.de\/wp-content\/uploads\/2025\/08\/INTERKULTURELLE-WOCHE_2025.jpg","width":1080,"height":1080,"caption":"Plakat Interkulturelle Woche 2025"},{"@type":"BreadcrumbList","@id":"https:\/\/netzwerk-migration-integration.de\/index.php\/interkulturelle-woche-2025\/#breadcrumb","itemListElement":[{"@type":"ListItem","position":1,"name":"Home","item":"https:\/\/netzwerk-migration-integration.de\/"},{"@type":"ListItem","position":2,"name":"Interkulturelle Woche 2025"}]},{"@type":"WebSite","@id":"https:\/\/netzwerk-migration-integration.de\/#website","url":"https:\/\/netzwerk-migration-integration.de\/","name":"NetzWERK Migration &amp; Integration Ahrensburg","description":"","publisher":{"@id":"https:\/\/netzwerk-migration-integration.de\/#organization"},"potentialAction":[{"@type":"SearchAction","target":{"@type":"EntryPoint","urlTemplate":"https:\/\/netzwerk-migration-integration.de\/?s={search_term_string}"},"query-input":{"@type":"PropertyValueSpecification","valueRequired":true,"valueName":"search_term_string"}}],"inLanguage":"de"},{"@type":"Organization","@id":"https:\/\/netzwerk-migration-integration.de\/#organization","name":"NetzWERK Migration &amp; Integration Ahrensburg","url":"https:\/\/netzwerk-migration-integration.de\/","logo":{"@type":"ImageObject","inLanguage":"de","@id":"https:\/\/netzwerk-migration-integration.de\/#\/schema\/logo\/image\/","url":"https:\/\/netzwerk-migration-integration.de\/wp-content\/uploads\/2018\/03\/cropped-NetzW-Logo_rgb-2-2.jpg","contentUrl":"https:\/\/netzwerk-migration-integration.de\/wp-content\/uploads\/2018\/03\/cropped-NetzW-Logo_rgb-2-2.jpg","width":240,"height":74,"caption":"NetzWERK Migration &amp; Integration Ahrensburg"},"image":{"@id":"https:\/\/netzwerk-migration-integration.de\/#\/schema\/logo\/image\/"}}]}},"_links":{"self":[{"href":"https:\/\/netzwerk-migration-integration.de\/index.php\/wp-json\/wp\/v2\/pages\/1979","targetHints":{"allow":["GET"]}}],"collection":[{"href":"https:\/\/netzwerk-migration-integration.de\/index.php\/wp-json\/wp\/v2\/pages"}],"about":[{"href":"https:\/\/netzwerk-migration-integration.de\/index.php\/wp-json\/wp\/v2\/types\/page"}],"author":[{"embeddable":true,"href":"https:\/\/netzwerk-migration-integration.de\/index.php\/wp-json\/wp\/v2\/users\/2"}],"replies":[{"embeddable":true,"href":"https:\/\/netzwerk-migration-integration.de\/index.php\/wp-json\/wp\/v2\/comments?post=1979"}],"version-history":[{"count":9,"href":"https:\/\/netzwerk-migration-integration.de\/index.php\/wp-json\/wp\/v2\/pages\/1979\/revisions"}],"predecessor-version":[{"id":2072,"href":"https:\/\/netzwerk-migration-integration.de\/index.php\/wp-json\/wp\/v2\/pages\/1979\/revisions\/2072"}],"wp:attachment":[{"href":"https:\/\/netzwerk-migration-integration.de\/index.php\/wp-json\/wp\/v2\/media?parent=1979"}],"curies":[{"name":"wp","href":"https:\/\/api.w.org\/{rel}","templated":true}]}}